{"id":1106,"date":"2024-02-13T12:48:10","date_gmt":"2024-02-13T12:48:10","guid":{"rendered":"https:\/\/stage.pt.havas.com\/general-terms-and-conditions-of-use\/"},"modified":"2024-02-15T07:03:41","modified_gmt":"2024-02-15T07:03:41","slug":"termos-e-condicoes-gerais-de-utilizacao","status":"publish","type":"page","link":"https:\/\/pt.havas.com\/pt-pt\/termos-e-condicoes-gerais-de-utilizacao\/","title":{"rendered":"Termos e condi\u00e7\u00f5es gerais de utiliza\u00e7\u00e3o"},"content":{"rendered":"<div class=\"container -content\">\n<h1>Termos e condi\u00e7\u00f5es gerais de utiliza\u00e7\u00e3o<\/h1>\n<p class=\"term-desc\">Bem-vindo ao s\u00edtio Web da Havas, dispon\u00edvel em www.havas.com (doravante, o &#8220;s\u00edtio Web&#8221;), publicado pela Havas SA.Qualquer acesso ou utiliza\u00e7\u00e3o do s\u00edtio Web est\u00e1 sujeito \u00e0s presentes Condi\u00e7\u00f5es Gerais de Utiliza\u00e7\u00e3o (doravante designadas por &#8220;Condi\u00e7\u00f5es Gerais&#8221;).<\/p>\n<p class=\"term-desc\">Leia atentamente as Condi\u00e7\u00f5es Gerais antes de utilizar o s\u00edtio Web.<\/p>\n<h2>Aceita\u00e7\u00e3o e aplicabilidade dos Termos e Condi\u00e7\u00f5es Gerais<\/h2>\n<p class=\"term-desc\">Ao aceder e utilizar o s\u00edtio Web, o utilizador aceita total e completamente os Termos e Condi\u00e7\u00f5es Gerais e concorda em cumpri-los.<br \/>\nOs Termos e Condi\u00e7\u00f5es Gerais s\u00e3o vinculativos para o utilizador, considerados como tendo sido lidos e aplic\u00e1veis, na data da primeira utiliza\u00e7\u00e3o do Web site e apenas atrav\u00e9s da navega\u00e7\u00e3o no Web site.<\/p>\n<p class=\"term-desc\">O utilizador pode tamb\u00e9m guardar e\/ou imprimir uma c\u00f3pia dos Termos e Condi\u00e7\u00f5es Gerais para refer\u00eancia futura.<\/p>\n<p class=\"term-desc\">Podemos efetuar altera\u00e7\u00f5es aos Termos e Condi\u00e7\u00f5es Gerais em qualquer altura e sem aviso pr\u00e9vio. Estas altera\u00e7\u00f5es entrar\u00e3o em vigor assim que forem publicadas online. A utiliza\u00e7\u00e3o continuada do Web site pelo utilizador ap\u00f3s a introdu\u00e7\u00e3o de uma altera\u00e7\u00e3o constitui a aceita\u00e7\u00e3o das altera\u00e7\u00f5es na sua totalidade.<\/p>\n<p class=\"term-desc\">Se o utilizador n\u00e3o pretender aceitar as Condi\u00e7\u00f5es Gerais de Venda, deve deixar de navegar no s\u00edtio Web.<\/p>\n<h2>Acesso e utiliza\u00e7\u00e3o do s\u00edtio Web<\/h2>\n<p class=\"term-desc\">O s\u00edtio Web \u00e9 acess\u00edvel gratuitamente a qualquer utilizador com acesso \u00e0 Internet.<\/p>\n<p class=\"term-desc\">Note-se que a utiliza\u00e7\u00e3o do s\u00edtio Web est\u00e1 sujeita \u00e0 capacidade do seu equipamento para cumprir as nossas especifica\u00e7\u00f5es t\u00e9cnicas padr\u00e3o m\u00ednimas e o aviso de compatibilidade. \u00c9 da responsabilidade do utilizador verificar estas especifica\u00e7\u00f5es e verificar se o seu equipamento \u00e9 compat\u00edvel com os nossos produtos e servi\u00e7os.<\/p>\n<p class=\"term-desc\">Todos os custos relacionados com o acesso ao s\u00edtio Web e a utiliza\u00e7\u00e3o da rede de telecomunica\u00e7\u00f5es, quer se trate de hardware, software ou custos de acesso \u00e0 Internet, s\u00e3o exclusivamente suportados pelo utilizador, de acordo com os termos e condi\u00e7\u00f5es estabelecidos pelos seus fornecedores de acesso e operadores de telecomunica\u00e7\u00f5es. O utilizador \u00e9 o \u00fanico respons\u00e1vel pelo correto funcionamento do seu equipamento inform\u00e1tico, bem como pelo seu acesso \u00e0 Internet.<\/p>\n<p class=\"term-desc\">O s\u00edtio Web \u00e9 atualizado regularmente, pelo que podem ser introduzidas altera\u00e7\u00f5es a qualquer momento. Reservamo-nos o direito de retirar, modificar ou suspender o acesso ao s\u00edtio Web em qualquer altura sem aviso pr\u00e9vio, nomeadamente para efeitos de manuten\u00e7\u00e3o.<\/p>\n<p class=\"term-desc\">Por \u00faltimo, n\u00e3o garantimos que todo ou parte do S\u00edtio Web esteja dispon\u00edvel e\/ou seja adequado a todos os pa\u00edses do mundo.Ao visitar o Web site, o utilizador n\u00e3o est\u00e1 autorizado a utilizar, nem a permitir que terceiros utilizem, qualquer sistema ou software automatizado que possa extrair conte\u00fados ou dados do Web site para fins comerciais.<\/p>\n<p class=\"term-desc\">O utilizador compromete-se a n\u00e3o utilizar o Website para fins fraudulentos e a n\u00e3o adotar condutas que possam prejudicar a imagem, os interesses e os direitos da Havas SA ou de terceiros, ou a cometer actos abusivos ou maliciosos, tais como:<\/p>\n<ul>\n<li>Pirataria inform\u00e1tica, introdu\u00e7\u00e3o de v\u00edrus ou c\u00f3digo malicioso<\/li>\n<li>Acesso ou tentativa de acesso ao s\u00edtio Web, aos seus sistemas ou c\u00f3digos sem autoriza\u00e7\u00e3o<\/li>\n<li>Altera\u00e7\u00e3o ou extra\u00e7\u00e3o n\u00e3o autorizada de dados ou informa\u00e7\u00f5es<\/li>\n<li>Danos \u00e0 integridade e\/ou desempenho do s\u00edtio Web.<\/li>\n<\/ul>\n<p class=\"term-desc\">Em geral, o utilizador compromete-se a n\u00e3o agir de forma a danificar, perturbar ou sobrecarregar o Website, a n\u00e3o fazer uma c\u00f3pia do mesmo e a n\u00e3o impedir, por qualquer meio, a sua utiliza\u00e7\u00e3o e funcionalidade normais.<\/p>\n<p class=\"term-desc\">Note-se que, em caso de viola\u00e7\u00e3o ou suspeita de viola\u00e7\u00e3o das disposi\u00e7\u00f5es das Condi\u00e7\u00f5es Gerais, reservamo-nos o direito de restringir, suspender ou cessar o acesso do utilizador ao s\u00edtio Web, tomando todas as medidas t\u00e9cnicas necess\u00e1rias para o efeito, sem preju\u00edzo de qualquer recurso poss\u00edvel contra o utilizador.<\/p>\n<h2>Fiabilidade das informa\u00e7\u00f5es no nosso s\u00edtio Web<\/h2>\n<p class=\"term-desc\">As informa\u00e7\u00f5es publicadas no s\u00edtio Web n\u00e3o constituem conselhos, pelo que n\u00e3o devem ser consideradas como tal.<br \/>\nN\u00e3o \u00e9 garantido que as informa\u00e7\u00f5es contidas no s\u00edtio Web sejam actualizadas, precisas, exactas ou completas.<\/p>\n<h2>Propriedade intelectual e industrial.<\/h2>\n<p class=\"term-desc\">O conte\u00fado do Website, a sua estrutura geral e, em particular, o software, textos, imagens animadas ou fixas, ilustra\u00e7\u00f5es, fotografias, som, know-how, clips, v\u00eddeos, carta gr\u00e1fica utilizada e todos os outros elementos componentes do Website s\u00e3o propriedade exclusiva da Havas SA ou licenciados \u00e0 Havas SA.<\/p>\n<p class=\"term-desc\">\u00c9 proibida qualquer representa\u00e7\u00e3o total ou parcial do s\u00edtio Web por qualquer pessoa ou de qualquer forma, incluindo o descarregamento, a reprodu\u00e7\u00e3o, a transmiss\u00e3o, a divulga\u00e7\u00e3o, a exibi\u00e7\u00e3o, a distribui\u00e7\u00e3o e a integra\u00e7\u00e3o total ou parcial num trabalho existente, sem a autoriza\u00e7\u00e3o pr\u00e9via e expressa por escrito da Havas SA.<\/p>\n<p class=\"term-desc\">O mesmo se aplica \u00e0s bases de dados que aparecem no s\u00edtio Web, quando aplic\u00e1vel, que est\u00e3o protegidas por regulamentos de propriedade intelectual.<\/p>\n<p class=\"term-desc\">As marcas, os nomes de dom\u00ednio, as designa\u00e7\u00f5es, os slogans e os log\u00f3tipos que figuram no Site e os dos seus parceiros est\u00e3o igualmente protegidos por lei.<\/p>\n<p class=\"term-desc\">\u00c9 proibida qualquer reprodu\u00e7\u00e3o total ou parcial destes sinais distintivos efectuada a partir dos elementos do Website sem a autoriza\u00e7\u00e3o pr\u00e9via e expressa por escrito da Havas SA.<\/p>\n<h2>S\u00edtios Web de terceiros<\/h2>\n<p class=\"term-desc\">O s\u00edtio Web pode conter liga\u00e7\u00f5es para s\u00edtios Web e redes sociais de terceiros. A Havas SA n\u00e3o pode ser responsabilizada pelos servi\u00e7os e conte\u00fados fornecidos por esses terceiros.<\/p>\n<p class=\"term-desc\">A exist\u00eancia de liga\u00e7\u00f5es a s\u00edtios Web e redes sociais de terceiros n\u00e3o implica, em caso algum, qualquer recomenda\u00e7\u00e3o, promo\u00e7\u00e3o, identifica\u00e7\u00e3o ou conformidade da Havas SA relativamente \u00e0s declara\u00e7\u00f5es, conte\u00fados e servi\u00e7os fornecidos por ou atrav\u00e9s desses s\u00edtios Web de terceiros. Por conseguinte, a Havas SA n\u00e3o ser\u00e1 respons\u00e1vel pelo conte\u00fado de terceiros ou pelos termos e condi\u00e7\u00f5es de utiliza\u00e7\u00e3o ou pol\u00edticas de privacidade desses s\u00edtios Web ou redes de terceiros. O utilizador \u00e9 o \u00fanico respons\u00e1vel pela verifica\u00e7\u00e3o e aceita\u00e7\u00e3o dos termos e condi\u00e7\u00f5es de acesso e utiliza\u00e7\u00e3o desses s\u00edtios Web e redes de terceiros.<\/p>\n<p class=\"term-desc\">A sua navega\u00e7\u00e3o e intera\u00e7\u00e3o com os s\u00edtios e redes de terceiros est\u00e1 sujeita \u00e0s regras e termos e condi\u00e7\u00f5es de utiliza\u00e7\u00e3o de cada um desses s\u00edtios, incluindo em rela\u00e7\u00e3o \u00e0 privacidade. \u00c9 da responsabilidade do utilizador ler os termos e condi\u00e7\u00f5es de utiliza\u00e7\u00e3o e as pol\u00edticas aplic\u00e1veis a esses s\u00edtios Web antes de os utilizar.<\/p>\n<p class=\"term-desc\">Se o utilizador optar por visitar um s\u00edtio Web ou rede de terceiros, f\u00e1-lo-\u00e1 por sua conta e risco. N\u00e3o somos respons\u00e1veis pelo conte\u00fado, exatid\u00e3o das informa\u00e7\u00f5es e opini\u00f5es expressas nesses s\u00edtios Web.<\/p>\n<p class=\"term-desc\">Se o utilizador optar por aceder a um s\u00edtio Web ou rede de terceiros a partir de uma liga\u00e7\u00e3o, f\u00e1-lo-\u00e1 por sua conta e risco.<\/p>\n<h2>Garantias e limita\u00e7\u00e3o de responsabilidade<\/h2>\n<p class=\"term-desc\">Fazemos tudo o que est\u00e1 ao nosso alcance para lhe fornecer informa\u00e7\u00f5es de elevada qualidade. No entanto, n\u00e3o podemos garantir que as informa\u00e7\u00f5es no s\u00edtio Web estejam actualizadas, precisas, exactas ou completas. Consequentemente, n\u00e3o aceitamos qualquer responsabilidade por eventuais imprecis\u00f5es, erros ou omiss\u00f5es relativamente \u00e0s informa\u00e7\u00f5es dispon\u00edveis no s\u00edtio Web.<\/p>\n<p class=\"term-desc\">N\u00e3o damos quaisquer garantias relativamente \u00e0 totalidade ou a parte do conte\u00fado do s\u00edtio Web.<\/p>\n<p class=\"term-desc\">Implementamos meios adequados para garantir a seguran\u00e7a das informa\u00e7\u00f5es apresentadas no s\u00edtio Web. No entanto, n\u00e3o controlamos os riscos associados ao funcionamento da Internet e chamamos a sua aten\u00e7\u00e3o para os riscos resultantes de viola\u00e7\u00f5es da privacidade dos dados na Internet.<\/p>\n<p class=\"term-desc\">Al\u00e9m disso, n\u00e3o garantimos que o s\u00edtio Web esteja isento de defeitos, omiss\u00f5es e\/ou bugs ou programas maliciosos.<\/p>\n<p class=\"term-desc\">Al\u00e9m disso, o acesso ao s\u00edtio Web pode ser interrompido sem aviso pr\u00e9vio, nomeadamente para efeitos de manuten\u00e7\u00e3o, seguran\u00e7a ou atualiza\u00e7\u00e3o. N\u00e3o podemos ser responsabilizados por esse facto, independentemente do tempo e da dura\u00e7\u00e3o dessa interrup\u00e7\u00e3o. N\u00e3o podemos garantir o acesso permanente ao s\u00edtio Web.<\/p>\n<p class=\"term-desc\">N\u00e3o nos responsabilizamos por qualquer falha na manuten\u00e7\u00e3o do s\u00edtio Web.<\/p>\n<p class=\"term-desc\">N\u00e3o podemos, em caso algum, ser responsabilizados por qualquer falha do s\u00edtio Web resultante de uma incompatibilidade do seu equipamento (incluindo, nomeadamente, uma capacidade de armazenamento ou de mem\u00f3ria insuficiente). N\u00e3o podemos ser obrigados a suportar quaisquer custos em que o utilizador possa incorrer em caso de assist\u00eancia ou repara\u00e7\u00e3o do seu equipamento como resultado do acesso ao Web site.<\/p>\n<p class=\"term-desc\">N\u00e3o podemos ser responsabilizados, na medida do permitido por lei, por danos directos ou indirectos, espec\u00edficos, acidentais ou consequenciais, mesmo que tenhamos sido notificados da possibilidade de tais danos, resultantes do acesso e\/ou utiliza\u00e7\u00e3o do Website. O Web site pode conter imprecis\u00f5es ou erros tipogr\u00e1ficos. N\u00e3o garantimos a conformidade do conte\u00fado do s\u00edtio Web.<\/p>\n<p class=\"term-desc\">N\u00e3o podemos ser responsabilizados por quaisquer perdas resultantes das suas ac\u00e7\u00f5es ou inac\u00e7\u00f5es baseadas no conte\u00fado dispon\u00edvel no s\u00edtio Web.<\/p>\n<h2>Dados pessoais e cookies<\/h2>\n<p class=\"term-desc\">A privacidade dos seus dados pessoais \u00e9 importante para n\u00f3s. Podemos recolher informa\u00e7\u00f5es do utilizador atrav\u00e9s dos formul\u00e1rios dispon\u00edveis no s\u00edtio Web. Para mais informa\u00e7\u00f5es sobre os seus direitos de prote\u00e7\u00e3o de dados, leia a nossa  <a href=\"https:\/\/pt.havas.com\/pt-pt\/politica-de-protecao-de-dados\/\">Pol\u00edtica de Privacidade<\/a><br \/>\n para obter detalhes sobre a forma como processamos os seus dados pessoais.Os cookies tamb\u00e9m podem ser instalados quando o utilizador navega no Web site. Leia a nossa  <a href=\"https:\/\/pt.havas.com\/pt-pt\/politica-de-cookies\/\">Pol\u00edtica de Cookies <\/a> para saber como e porqu\u00ea utilizamos cookies.<\/p>\n<h2>Legisla\u00e7\u00e3o aplic\u00e1vel<\/h2>\n<p class=\"term-desc\">Os Termos e Condi\u00e7\u00f5es Gerais s\u00e3o regidos pela lei francesa e qualquer assunto ou lit\u00edgio que surja em rela\u00e7\u00e3o aos mesmos estar\u00e1 sujeito \u00e0 jurisdi\u00e7\u00e3o competente. Voc\u00ea concorda, expressamente e sem reservas, que acessar\u00e1 e usar\u00e1 o Site \u00fanica e exclusivamente, como est\u00e1, sob sua pr\u00f3pria responsabilidade e que ser\u00e1 obrigado a cumprir as leis locais aplic\u00e1veis ao uso do Site e\/ou, de forma mais geral, a o site.<\/p>\n<p class=\"term-desc\">EM CASO DE LIT\u00cdGIO RELACIONADO AO ACESSO E UTILIZA\u00c7\u00c3O DO SITE, COM PROFISSIONAIS E\/OU COMERCIANTES, A JURISDI\u00c7\u00c3O EXPRESSA \u00c9 ATRIBU\u00cdDA AO TRIBUNAL COMPETENTE DA JURISDI\u00c7\u00c3O DO TRIBUNAL DE RECURSO DE PARIS, N\u00c3O OBSTANTE M\u00daLTIPLOS R\u00c9US OU A INTRODU\u00c7\u00c3O DE TERCEIROS , MESMO PARA MEDIDAS URGENTES OU PREVENTIVAS, POR PEDIDO DE PROCEDIMENTO SUM\u00c1RIO OU POR PETI\u00c7\u00c3O.<\/p>\n<h2>Disposi\u00e7\u00f5es Gerais<\/h2>\n<p class=\"term-desc\">Caso alguma das disposi\u00e7\u00f5es dos Termos e Condi\u00e7\u00f5es Gerais seja declarada nula e sem efeito, a mesma ser\u00e1 eliminada ou substitu\u00edda. A declara\u00e7\u00e3o de nulidade n\u00e3o afetar\u00e1 em caso algum o resto das disposi\u00e7\u00f5es das Condi\u00e7\u00f5es Gerais.<\/p>\n<p class=\"term-desc\">O facto de a Havas SA n\u00e3o ter requerido a aplica\u00e7\u00e3o de uma cl\u00e1usula ou direito resultante de qualquer disposi\u00e7\u00e3o dos Termos e Condi\u00e7\u00f5es Gerais n\u00e3o ser\u00e1, em caso algum, considerado como uma ren\u00fancia aos mesmos.<\/p>\n<p class=\"term-desc\">O Site e os seus Termos e Condi\u00e7\u00f5es Gerais est\u00e3o dispon\u00edveis em franc\u00eas e ingl\u00eas.<\/p>\n<h2>Contate-nos<\/h2>\n<p class=\"term-desc\">Se tiver alguma d\u00favida ou solicita\u00e7\u00e3o sobre o conte\u00fado que aparece no Site ou sobre os Termos e Condi\u00e7\u00f5es Gerais, entre em contato conosco atrav\u00e9s do seguinte endere\u00e7o:<\/p>\n<p class=\"cookies-data\">Por e-mail: <a href=\"mailto:havas.communications@havas.com\">havas.communications@havas.com<\/a><\/p>\n<p class=\"term-desc\">Por correio:<br \/>\nHavas SA<br \/>\nDepartamento de Rela\u00e7\u00f5es P\u00fablicas<br \/>\n29-30 Quai de Dion Bouton<br \/>\n92800 Puteaux<br \/>\nFran\u00e7a<\/p>\n<p class=\"term-desc\">\u00daltima atualiza\u00e7\u00e3o: outubro de 2022<\/p>\n<\/div>\n<\/div>\n","protected":false},"excerpt":{"rendered":"<p>Termos e condi\u00e7\u00f5es gerais de utiliza\u00e7\u00e3o Bem-vindo ao s\u00edtio Web da Havas, dispon\u00edvel em www.havas.com (doravante, o &#8220;s\u00edtio Web&#8221;), publicado pela Havas SA.Qualquer acesso ou utiliza\u00e7\u00e3o do s\u00edtio Web est\u00e1 sujeito \u00e0s presentes Condi\u00e7\u00f5es Gerais de Utiliza\u00e7\u00e3o (doravante designadas por &#8220;Condi\u00e7\u00f5es Gerais&#8221;). Leia atentamente as Condi\u00e7\u00f5es Gerais antes de utilizar o s\u00edtio Web. Aceita\u00e7\u00e3o e [&hellip;]<\/p>\n","protected":false},"author":1,"featured_media":0,"parent":0,"menu_order":0,"comment_status":"closed","ping_status":"closed","template":"","meta":{"footnotes":""},"class_list":["post-1106","page","type-page","status-publish","hentry","entry"],"yoast_head":"<!-- This site is optimized with the Yoast SEO plugin v27.4 - https:\/\/yoast.com\/product\/yoast-seo-wordpress\/ -->\n<title>Termos e condi\u00e7\u00f5es gerais de utiliza\u00e7\u00e3o - Portugal<\/title>\n<meta name=\"robots\" content=\"index, follow, max-snippet:-1, max-image-preview:large, max-video-preview:-1\" \/>\n<link rel=\"canonical\" href=\"https:\/\/pt.havas.com\/pt-pt\/termos-e-condicoes-gerais-de-utilizacao\/\" \/>\n<meta property=\"og:locale\" content=\"pt_PT\" \/>\n<meta property=\"og:type\" content=\"article\" \/>\n<meta property=\"og:title\" content=\"Termos e condi\u00e7\u00f5es gerais de utiliza\u00e7\u00e3o - Portugal\" \/>\n<meta property=\"og:description\" content=\"Termos e condi\u00e7\u00f5es gerais de utiliza\u00e7\u00e3o Bem-vindo ao s\u00edtio Web da Havas, dispon\u00edvel em www.havas.com (doravante, o &#8220;s\u00edtio Web&#8221;), publicado pela Havas SA.Qualquer acesso ou utiliza\u00e7\u00e3o do s\u00edtio Web est\u00e1 sujeito \u00e0s presentes Condi\u00e7\u00f5es Gerais de Utiliza\u00e7\u00e3o (doravante designadas por &#8220;Condi\u00e7\u00f5es Gerais&#8221;). Leia atentamente as Condi\u00e7\u00f5es Gerais antes de utilizar o s\u00edtio Web. Aceita\u00e7\u00e3o e [&hellip;]\" \/>\n<meta property=\"og:url\" content=\"https:\/\/pt.havas.com\/pt-pt\/termos-e-condicoes-gerais-de-utilizacao\/\" \/>\n<meta property=\"og:site_name\" content=\"Portugal\" \/>\n<meta property=\"article:modified_time\" content=\"2024-02-15T07:03:41+00:00\" \/>\n<meta name=\"twitter:card\" content=\"summary_large_image\" \/>\n<meta name=\"twitter:label1\" content=\"Est. reading time\" \/>\n\t<meta name=\"twitter:data1\" content=\"10 minutes\" \/>\n<script type=\"application\/ld+json\" class=\"yoast-schema-graph\">{\"@context\":\"https:\\\/\\\/schema.org\",\"@graph\":[{\"@type\":\"WebPage\",\"@id\":\"https:\\\/\\\/pt.havas.com\\\/pt-pt\\\/termos-e-condicoes-gerais-de-utilizacao\\\/\",\"url\":\"https:\\\/\\\/pt.havas.com\\\/pt-pt\\\/termos-e-condicoes-gerais-de-utilizacao\\\/\",\"name\":\"Termos e condi\u00e7\u00f5es gerais de utiliza\u00e7\u00e3o - Portugal\",\"isPartOf\":{\"@id\":\"https:\\\/\\\/pt.havas.com\\\/#website\"},\"datePublished\":\"2024-02-13T12:48:10+00:00\",\"dateModified\":\"2024-02-15T07:03:41+00:00\",\"breadcrumb\":{\"@id\":\"https:\\\/\\\/pt.havas.com\\\/pt-pt\\\/termos-e-condicoes-gerais-de-utilizacao\\\/#breadcrumb\"},\"inLanguage\":\"pt\",\"potentialAction\":[{\"@type\":\"ReadAction\",\"target\":[\"https:\\\/\\\/pt.havas.com\\\/pt-pt\\\/termos-e-condicoes-gerais-de-utilizacao\\\/\"]}]},{\"@type\":\"BreadcrumbList\",\"@id\":\"https:\\\/\\\/pt.havas.com\\\/pt-pt\\\/termos-e-condicoes-gerais-de-utilizacao\\\/#breadcrumb\",\"itemListElement\":[{\"@type\":\"ListItem\",\"position\":1,\"name\":\"Home\",\"item\":\"https:\\\/\\\/pt.havas.com\\\/pt-pt\\\/\"},{\"@type\":\"ListItem\",\"position\":2,\"name\":\"Termos e condi\u00e7\u00f5es gerais de utiliza\u00e7\u00e3o\"}]},{\"@type\":\"WebSite\",\"@id\":\"https:\\\/\\\/pt.havas.com\\\/#website\",\"url\":\"https:\\\/\\\/pt.havas.com\\\/\",\"name\":\"Portugal\",\"description\":\"\",\"potentialAction\":[{\"@type\":\"SearchAction\",\"target\":{\"@type\":\"EntryPoint\",\"urlTemplate\":\"https:\\\/\\\/pt.havas.com\\\/?s={search_term_string}\"},\"query-input\":{\"@type\":\"PropertyValueSpecification\",\"valueRequired\":true,\"valueName\":\"search_term_string\"}}],\"inLanguage\":\"pt\"}]}<\/script>\n<!-- \/ Yoast SEO plugin. -->","yoast_head_json":{"title":"Termos e condi\u00e7\u00f5es gerais de utiliza\u00e7\u00e3o - Portugal","robots":{"index":"index","follow":"follow","max-snippet":"max-snippet:-1","max-image-preview":"max-image-preview:large","max-video-preview":"max-video-preview:-1"},"canonical":"https:\/\/pt.havas.com\/pt-pt\/termos-e-condicoes-gerais-de-utilizacao\/","og_locale":"pt_PT","og_type":"article","og_title":"Termos e condi\u00e7\u00f5es gerais de utiliza\u00e7\u00e3o - Portugal","og_description":"Termos e condi\u00e7\u00f5es gerais de utiliza\u00e7\u00e3o Bem-vindo ao s\u00edtio Web da Havas, dispon\u00edvel em www.havas.com (doravante, o &#8220;s\u00edtio Web&#8221;), publicado pela Havas SA.Qualquer acesso ou utiliza\u00e7\u00e3o do s\u00edtio Web est\u00e1 sujeito \u00e0s presentes Condi\u00e7\u00f5es Gerais de Utiliza\u00e7\u00e3o (doravante designadas por &#8220;Condi\u00e7\u00f5es Gerais&#8221;). Leia atentamente as Condi\u00e7\u00f5es Gerais antes de utilizar o s\u00edtio Web. Aceita\u00e7\u00e3o e [&hellip;]","og_url":"https:\/\/pt.havas.com\/pt-pt\/termos-e-condicoes-gerais-de-utilizacao\/","og_site_name":"Portugal","article_modified_time":"2024-02-15T07:03:41+00:00","twitter_card":"summary_large_image","twitter_misc":{"Est. reading time":"10 minutes"},"schema":{"@context":"https:\/\/schema.org","@graph":[{"@type":"WebPage","@id":"https:\/\/pt.havas.com\/pt-pt\/termos-e-condicoes-gerais-de-utilizacao\/","url":"https:\/\/pt.havas.com\/pt-pt\/termos-e-condicoes-gerais-de-utilizacao\/","name":"Termos e condi\u00e7\u00f5es gerais de utiliza\u00e7\u00e3o - Portugal","isPartOf":{"@id":"https:\/\/pt.havas.com\/#website"},"datePublished":"2024-02-13T12:48:10+00:00","dateModified":"2024-02-15T07:03:41+00:00","breadcrumb":{"@id":"https:\/\/pt.havas.com\/pt-pt\/termos-e-condicoes-gerais-de-utilizacao\/#breadcrumb"},"inLanguage":"pt","potentialAction":[{"@type":"ReadAction","target":["https:\/\/pt.havas.com\/pt-pt\/termos-e-condicoes-gerais-de-utilizacao\/"]}]},{"@type":"BreadcrumbList","@id":"https:\/\/pt.havas.com\/pt-pt\/termos-e-condicoes-gerais-de-utilizacao\/#breadcrumb","itemListElement":[{"@type":"ListItem","position":1,"name":"Home","item":"https:\/\/pt.havas.com\/pt-pt\/"},{"@type":"ListItem","position":2,"name":"Termos e condi\u00e7\u00f5es gerais de utiliza\u00e7\u00e3o"}]},{"@type":"WebSite","@id":"https:\/\/pt.havas.com\/#website","url":"https:\/\/pt.havas.com\/","name":"Portugal","description":"","potentialAction":[{"@type":"SearchAction","target":{"@type":"EntryPoint","urlTemplate":"https:\/\/pt.havas.com\/?s={search_term_string}"},"query-input":{"@type":"PropertyValueSpecification","valueRequired":true,"valueName":"search_term_string"}}],"inLanguage":"pt"}]}},"_links":{"self":[{"href":"https:\/\/pt.havas.com\/pt-pt\/wp-json\/wp\/v2\/pages\/1106","targetHints":{"allow":["GET"]}}],"collection":[{"href":"https:\/\/pt.havas.com\/pt-pt\/wp-json\/wp\/v2\/pages"}],"about":[{"href":"https:\/\/pt.havas.com\/pt-pt\/wp-json\/wp\/v2\/types\/page"}],"author":[{"embeddable":true,"href":"https:\/\/pt.havas.com\/pt-pt\/wp-json\/wp\/v2\/users\/1"}],"replies":[{"embeddable":true,"href":"https:\/\/pt.havas.com\/pt-pt\/wp-json\/wp\/v2\/comments?post=1106"}],"version-history":[{"count":0,"href":"https:\/\/pt.havas.com\/pt-pt\/wp-json\/wp\/v2\/pages\/1106\/revisions"}],"wp:attachment":[{"href":"https:\/\/pt.havas.com\/pt-pt\/wp-json\/wp\/v2\/media?parent=1106"}],"curies":[{"name":"wp","href":"https:\/\/api.w.org\/{rel}","templated":true}]}}